{"id":1553,"date":"2021-04-27T15:28:03","date_gmt":"2021-04-27T15:28:03","guid":{"rendered":"https:\/\/kuna.bbk.eus\/formacion\/"},"modified":"2023-01-13T12:20:10","modified_gmt":"2023-01-13T11:20:10","slug":"education","status":"publish","type":"page","link":"https:\/\/kuna.bbk.eus\/en\/education\/","title":{"rendered":"Education"},"content":{"rendered":"\n<p>BBK Kuna apuesta por el futuro, siendo clave para ello la formaci\u00f3n continua y adaptaci\u00f3n al cambio. Para ello se lanzar\u00e1n formaciones innovadoras que permitan adaptarse a los empleos y retos del futuro, as\u00ed como a los ODS.<\/p>\n","protected":false},"excerpt":{"rendered":"<p>BBK Kuna apuesta por el futuro, siendo clave para ello la formaci\u00f3n continua y adaptaci\u00f3n al cambio. Para ello se lanzar\u00e1n formaciones innovadoras que permitan adaptarse a los empleos y [&hellip;]<\/p>\n","protected":false},"author":10,"featured_media":0,"parent":0,"menu_order":0,"comment_status":"closed","ping_status":"closed","template":"template-work-area.php","meta":{"_acf_changed":false,"_tec_requires_first_save":true,"_EventAllDay":false,"_EventTimezone":"","_EventStartDate":"","_EventEndDate":"","_EventStartDateUTC":"","_EventEndDateUTC":"","_EventShowMap":false,"_EventShowMapLink":false,"_EventURL":"","_EventCost":"","_EventCostDescription":"","_EventCurrencySymbol":"","_EventCurrencyCode":"","_EventCurrencyPosition":"","_EventDateTimeSeparator":"","_EventTimeRangeSeparator":"","_EventOrganizerID":[],"_EventVenueID":[],"_OrganizerEmail":"","_OrganizerPhone":"","_OrganizerWebsite":"","_VenueAddress":"","_VenueCity":"","_VenueCountry":"","_VenueProvince":"","_VenueState":"","_VenueZip":"","_VenuePhone":"","_VenueURL":"","_VenueStateProvince":"","_VenueLat":"","_VenueLng":"","_VenueShowMap":false,"_VenueShowMapLink":false,"_tribe_blocks_recurrence_rules":"","_tribe_blocks_recurrence_description":"","_tribe_blocks_recurrence_exclusions":"","footnotes":""},"class_list":["post-1553","page","type-page","status-publish","hentry"],"acf":[],"yoast_head":"<!-- This site is optimized with the Yoast SEO plugin v27.0 - https:\/\/yoast.com\/product\/yoast-seo-wordpress\/ -->\n<title>Education - BBK Kuna \/ The social innovation space in Bizkaia<\/title>\n<meta name=\"description\" content=\"BBK Kuna is committed to the future, which is why we develop innovative training programmes that allows us to adapt to future employment and challenges.\" \/>\n<meta name=\"robots\" content=\"index, follow, max-snippet:-1, max-image-preview:large, max-video-preview:-1\" \/>\n<link rel=\"canonical\" href=\"https:\/\/kuna.bbk.eus\/en\/education\/\" \/>\n<meta property=\"og:locale\" content=\"en_US\" \/>\n<meta property=\"og:type\" content=\"article\" \/>\n<meta property=\"og:title\" content=\"Education - BBK Kuna \/ The social innovation space in Bizkaia\" \/>\n<meta property=\"og:description\" content=\"BBK Kuna is committed to the future, which is why we develop innovative training programmes that allows us to adapt to future employment and challenges.\" \/>\n<meta property=\"og:url\" content=\"https:\/\/kuna.bbk.eus\/en\/education\/\" \/>\n<meta property=\"og:site_name\" content=\"BBK Kuna \/ The social innovation space in Bizkaia\" \/>\n<meta property=\"article:modified_time\" content=\"2023-01-13T11:20:10+00:00\" \/>\n<meta name=\"twitter:card\" content=\"summary_large_image\" \/>\n<script type=\"application\/ld+json\" class=\"yoast-schema-graph\">{\"@context\":\"https:\/\/schema.org\",\"@graph\":[{\"@type\":\"WebPage\",\"@id\":\"https:\/\/kuna.bbk.eus\/en\/education\/\",\"url\":\"https:\/\/kuna.bbk.eus\/en\/education\/\",\"name\":\"Education - BBK Kuna \/ The social innovation space in Bizkaia\",\"isPartOf\":{\"@id\":\"https:\/\/kuna.bbk.eus\/en\/#website\"},\"datePublished\":\"2021-04-27T15:28:03+00:00\",\"dateModified\":\"2023-01-13T11:20:10+00:00\",\"description\":\"BBK Kuna is committed to the future, which is why we develop innovative training programmes that allows us to adapt to future employment and challenges.\",\"breadcrumb\":{\"@id\":\"https:\/\/kuna.bbk.eus\/en\/education\/#breadcrumb\"},\"inLanguage\":\"en-US\",\"potentialAction\":[{\"@type\":\"ReadAction\",\"target\":[\"https:\/\/kuna.bbk.eus\/en\/education\/\"]}]},{\"@type\":\"BreadcrumbList\",\"@id\":\"https:\/\/kuna.bbk.eus\/en\/education\/#breadcrumb\",\"itemListElement\":[{\"@type\":\"ListItem\",\"position\":1,\"name\":\"Home\",\"item\":\"https:\/\/kuna.bbk.eus\/en\/\"},{\"@type\":\"ListItem\",\"position\":2,\"name\":\"Education\"}]},{\"@type\":\"WebSite\",\"@id\":\"https:\/\/kuna.bbk.eus\/en\/#website\",\"url\":\"https:\/\/kuna.bbk.eus\/en\/\",\"name\":\"BBK Kuna\",\"description\":\"We want to be a benchmark in the future of Bizkaia, and to achieve this we have an open transformative space able to create positive changes in society.\",\"alternateName\":\"BBK Kuna\",\"potentialAction\":[{\"@type\":\"SearchAction\",\"target\":{\"@type\":\"EntryPoint\",\"urlTemplate\":\"https:\/\/kuna.bbk.eus\/en\/?s={search_term_string}\"},\"query-input\":{\"@type\":\"PropertyValueSpecification\",\"valueRequired\":true,\"valueName\":\"search_term_string\"}}],\"inLanguage\":\"en-US\"}]}<\/script>\n<!-- \/ Yoast SEO plugin. -->","yoast_head_json":{"title":"Education - BBK Kuna \/ The social innovation space in Bizkaia","description":"BBK Kuna is committed to the future, which is why we develop innovative training programmes that allows us to adapt to future employment and challenges.","robots":{"index":"index","follow":"follow","max-snippet":"max-snippet:-1","max-image-preview":"max-image-preview:large","max-video-preview":"max-video-preview:-1"},"canonical":"https:\/\/kuna.bbk.eus\/en\/education\/","og_locale":"en_US","og_type":"article","og_title":"Education - BBK Kuna \/ The social innovation space in Bizkaia","og_description":"BBK Kuna is committed to the future, which is why we develop innovative training programmes that allows us to adapt to future employment and challenges.","og_url":"https:\/\/kuna.bbk.eus\/en\/education\/","og_site_name":"BBK Kuna \/ The social innovation space in Bizkaia","article_modified_time":"2023-01-13T11:20:10+00:00","twitter_card":"summary_large_image","schema":{"@context":"https:\/\/schema.org","@graph":[{"@type":"WebPage","@id":"https:\/\/kuna.bbk.eus\/en\/education\/","url":"https:\/\/kuna.bbk.eus\/en\/education\/","name":"Education - BBK Kuna \/ The social innovation space in Bizkaia","isPartOf":{"@id":"https:\/\/kuna.bbk.eus\/en\/#website"},"datePublished":"2021-04-27T15:28:03+00:00","dateModified":"2023-01-13T11:20:10+00:00","description":"BBK Kuna is committed to the future, which is why we develop innovative training programmes that allows us to adapt to future employment and challenges.","breadcrumb":{"@id":"https:\/\/kuna.bbk.eus\/en\/education\/#breadcrumb"},"inLanguage":"en-US","potentialAction":[{"@type":"ReadAction","target":["https:\/\/kuna.bbk.eus\/en\/education\/"]}]},{"@type":"BreadcrumbList","@id":"https:\/\/kuna.bbk.eus\/en\/education\/#breadcrumb","itemListElement":[{"@type":"ListItem","position":1,"name":"Home","item":"https:\/\/kuna.bbk.eus\/en\/"},{"@type":"ListItem","position":2,"name":"Education"}]},{"@type":"WebSite","@id":"https:\/\/kuna.bbk.eus\/en\/#website","url":"https:\/\/kuna.bbk.eus\/en\/","name":"BBK Kuna","description":"We want to be a benchmark in the future of Bizkaia, and to achieve this we have an open transformative space able to create positive changes in society.","alternateName":"BBK Kuna","potentialAction":[{"@type":"SearchAction","target":{"@type":"EntryPoint","urlTemplate":"https:\/\/kuna.bbk.eus\/en\/?s={search_term_string}"},"query-input":{"@type":"PropertyValueSpecification","valueRequired":true,"valueName":"search_term_string"}}],"inLanguage":"en-US"}]}},"_links":{"self":[{"href":"https:\/\/kuna.bbk.eus\/en\/wp-json\/wp\/v2\/pages\/1553","targetHints":{"allow":["GET"]}}],"collection":[{"href":"https:\/\/kuna.bbk.eus\/en\/wp-json\/wp\/v2\/pages"}],"about":[{"href":"https:\/\/kuna.bbk.eus\/en\/wp-json\/wp\/v2\/types\/page"}],"author":[{"embeddable":true,"href":"https:\/\/kuna.bbk.eus\/en\/wp-json\/wp\/v2\/users\/10"}],"replies":[{"embeddable":true,"href":"https:\/\/kuna.bbk.eus\/en\/wp-json\/wp\/v2\/comments?post=1553"}],"version-history":[{"count":0,"href":"https:\/\/kuna.bbk.eus\/en\/wp-json\/wp\/v2\/pages\/1553\/revisions"}],"wp:attachment":[{"href":"https:\/\/kuna.bbk.eus\/en\/wp-json\/wp\/v2\/media?parent=1553"}],"curies":[{"name":"wp","href":"https:\/\/api.w.org\/{rel}","templated":true}]}}