{"id":665,"date":"2020-07-10T06:51:33","date_gmt":"2020-07-10T06:51:33","guid":{"rendered":"https:\/\/kuna.bbk.eus\/politica-privacidad\/"},"modified":"2020-11-11T22:17:38","modified_gmt":"2020-11-11T22:17:38","slug":"privacy-policy","status":"publish","type":"page","link":"https:\/\/kuna.bbk.eus\/en\/privacy-policy\/","title":{"rendered":"Privacy policy"},"content":{"rendered":"\n<h3 class=\"wp-block-heading\"><strong>1.- Identity of the Party Responsible for the File<\/strong><\/h3>\n\n\n\n<p>The information provided by the user through any of the forms on the WEBSITE shall be processed by Bilbao Bizkaia Kutxa Fundaci\u00f3n Bancaria \u2013 Bilbao Bizkaia Kutxa Banku Fundazioa and BBK Fundazioa, as the parties responsible for the processing, hereinafter \u201cthe entity\u201d with FIC G-48412720 and G-48644371, respectively and registered address on Gran V\u00eda 19-21, 48001 Bilbao (Bizkaia).<\/p>\n\n\n\n<h3 class=\"wp-block-heading\"><strong>2.- Purpose of the processing<\/strong><\/h3>\n\n\n\n<p>Generally speaking, the entity will process the information provided by the user for the following purposes:<\/p>\n\n\n\n<ul class=\"wp-block-list\"><li>Perform statistical analyses to design improvements in the services provided.<\/li><li>Send information required by the user.<\/li><li>Respond to or manage user requests.<\/li><\/ul>\n\n\n\n<p>Nonetheless, you can find some personal data collection forms on this website. You can find the specific data processing information you provide through each of these forms.<\/p>\n\n\n\n<h3 class=\"wp-block-heading\"><strong>3.- Recipients of the information<\/strong><\/h3>\n\n\n\n<p>The entity does not provide this information to any third parties, unless obliged to do so in accordance with current legislation (for example, an official request within the framework of a police investigation) or in the case of suppliers who provide services to the entity for the upkeep and management of this website or the necessary logistics services to attend to the requests received.<\/p>\n\n\n\n<h3 class=\"wp-block-heading\"><strong>4.- Compulsory or optional nature of the requested information<\/strong><\/h3>\n\n\n\n<p>The compulsory data in each form shall be identified as such in the form itself.<\/p>\n\n\n\n<p>Refusal to supply such information shall prevent form making the service requested by the user effective.<\/p>\n\n\n\n<h3 class=\"wp-block-heading\"><strong>5.- Exercise of rights<\/strong><\/h3>\n\n\n\n<p>The user may revoke his\/her consent and exercise his\/her rights of access, rectification and suppression of his\/her personal data, as well as, limit or directly oppose the processing or exercise the right to portability thereof, via e-mail to <a href=\"mailto:protecciondedatos@bbk.eus\" target=\"_blank\" aria-label=\"undefined (abre en una nueva pesta\u00f1a)\" rel=\"noreferrer noopener nofollow\">protecciondedatos@bbk.eus<\/a> or via ordinary mail to the address indicated in the section \u2018party responsible for the file\u2019, identifying as user of the Website, providing a photocopy of ID Card or equivalent document and specifying his\/her request.<\/p>\n\n\n\n<p>In addition, if you require further information or consider your personal data rights have been infringed upon, you may submit a claim to the Spanish Data Protection Agency (<a href=\"http:\/\/www.aepd.es\" target=\"_blank\" aria-label=\"undefined (abre en una nueva pesta\u00f1a)\" rel=\"noreferrer noopener nofollow\">www.aepd.es<\/a>).<\/p>\n\n\n\n<h3 class=\"wp-block-heading\"><strong>6.- User commitment<\/strong><\/h3>\n\n\n\n<p>The user guarantees that he\/she is over 14 years of age and the information provided is accurate and true.<\/p>\n\n\n\n<p>The user undertakes to inform the entity of any changes in the information provided via e-mail to <a href=\"mailto:protecciondedatos@bbk.eus\" target=\"_blank\" aria-label=\"undefined (abre en una nueva pesta\u00f1a)\" rel=\"noreferrer noopener nofollow\">protecciondedatos@bbk.eus<\/a>, identifying as user of the WEBSITE and specifying the information that requires changing.<\/p>\n\n\n\n<h3 class=\"wp-block-heading\"><strong>7.- Third-party data provided by the user<\/strong><\/h3>\n\n\n\n<p>In the case the user provides personal data of third persons for whatever purpose, he\/she guarantees to have informed the affected previously and has obtained consent to communicate their data to the entity.<\/p>\n\n\n\n<p>The user guarantees the affected are over 14 years of age and the information provided is accurate and true.<\/p>\n\n\n\n<p>In the case responsibilities should result due to failure of the user to comply to these conditions, he\/she shall respond to the consequences of said non-compliance.<\/p>\n\n\n\n<h3 class=\"wp-block-heading\"><strong>8.- Cookies and trace files<\/strong><\/h3>\n\n\n\n<p>The user accepts the use of cookies and trace files of IP addresses the use of which enable the entity to collect data for statistical purposes such as: date of the first visit, number of times visited, date of the last visit, URL and domain from which the site was accessed, browser used and screen resolution.<\/p>\n\n\n\n<p>The user has the option to disable cookies, by selecting the corresponding option on his\/her browser programme. However, the entity is not responsible for the disabling of said cookies preventing the proper functioning of the website.<\/p>\n\n\n\n<p>You may obtain further information on the use of Cookies in our <a href=\"https:\/\/kuna.bbk.eus\/en\/cookies-policy\/\" target=\"_blank\" aria-label=\"undefined (abre en una nueva pesta\u00f1a)\" rel=\"noreferrer noopener nofollow\">cookies policy<\/a>.<\/p>\n\n\n\n<h3 class=\"wp-block-heading\"><strong>9.- Security measures<\/strong><\/h3>\n\n\n\n<p>The entity has adopted the necessary organisational and technical measures in order to ensure the security of the personal data and prevent their alteration, loss, treatment or unauthorised access, taking into account the state of the technology, the nature of the stored data and risks they are exposed to, whether caused by human action or the physical or natural environment.<\/p>\n\n\n\n<p>Nevertheless, the user must be aware that Internet security measures are not impregnable.<\/p>\n\n\n\n<p>If you have any questions regarding the information in our Privacy Policy, you may send an e-mail message to: <a href=\"mailto:protecciondedatos@bbk.eus\" target=\"_blank\" aria-label=\"undefined (abre en una nueva pesta\u00f1a)\" rel=\"noreferrer noopener nofollow\">protecciondedatos@bbk.eus<\/a>.<\/p>\n","protected":false},"excerpt":{"rendered":"<p>1.- Identity of the Party Responsible for the File The information provided by the user through any of the forms on the WEBSITE shall be processed by Bilbao Bizkaia Kutxa [&hellip;]<\/p>\n","protected":false},"author":10,"featured_media":0,"parent":0,"menu_order":0,"comment_status":"closed","ping_status":"closed","template":"","meta":{"_acf_changed":false,"_tec_requires_first_save":true,"_EventAllDay":false,"_EventTimezone":"","_EventStartDate":"","_EventEndDate":"","_EventStartDateUTC":"","_EventEndDateUTC":"","_EventShowMap":false,"_EventShowMapLink":false,"_EventURL":"","_EventCost":"","_EventCostDescription":"","_EventCurrencySymbol":"","_EventCurrencyCode":"","_EventCurrencyPosition":"","_EventDateTimeSeparator":"","_EventTimeRangeSeparator":"","_EventOrganizerID":[],"_EventVenueID":[],"_OrganizerEmail":"","_OrganizerPhone":"","_OrganizerWebsite":"","_VenueAddress":"","_VenueCity":"","_VenueCountry":"","_VenueProvince":"","_VenueState":"","_VenueZip":"","_VenuePhone":"","_VenueURL":"","_VenueStateProvince":"","_VenueLat":"","_VenueLng":"","_VenueShowMap":false,"_VenueShowMapLink":false,"_tribe_blocks_recurrence_rules":"","_tribe_blocks_recurrence_description":"","_tribe_blocks_recurrence_exclusions":"","footnotes":""},"class_list":["post-665","page","type-page","status-publish","hentry"],"acf":[],"yoast_head":"<!-- This site is optimized with the Yoast SEO plugin v27.0 - https:\/\/yoast.com\/product\/yoast-seo-wordpress\/ -->\n<title>Pol\u00edtica de privacidad | BBK Kuna<\/title>\n<meta name=\"description\" content=\"Conoce toda la informaci\u00f3n relativa a la pol\u00edtica de privacidad de la web de BBK Kuna.\" \/>\n<meta name=\"robots\" content=\"index, follow, max-snippet:-1, max-image-preview:large, max-video-preview:-1\" \/>\n<link rel=\"canonical\" href=\"https:\/\/kuna.bbk.eus\/en\/privacy-policy\/\" \/>\n<meta property=\"og:locale\" content=\"en_US\" \/>\n<meta property=\"og:type\" content=\"article\" \/>\n<meta property=\"og:title\" content=\"Pol\u00edtica de privacidad | BBK Kuna\" \/>\n<meta property=\"og:description\" content=\"Conoce toda la informaci\u00f3n relativa a la pol\u00edtica de privacidad de la web de BBK Kuna.\" \/>\n<meta property=\"og:url\" content=\"https:\/\/kuna.bbk.eus\/en\/privacy-policy\/\" \/>\n<meta property=\"og:site_name\" content=\"BBK Kuna \/ The social innovation space in Bizkaia\" \/>\n<meta property=\"article:modified_time\" content=\"2020-11-11T22:17:38+00:00\" \/>\n<meta name=\"twitter:card\" content=\"summary_large_image\" \/>\n<meta name=\"twitter:label1\" content=\"Est. reading time\" \/>\n\t<meta name=\"twitter:data1\" content=\"4 minutes\" \/>\n<script type=\"application\/ld+json\" class=\"yoast-schema-graph\">{\"@context\":\"https:\/\/schema.org\",\"@graph\":[{\"@type\":\"WebPage\",\"@id\":\"https:\/\/kuna.bbk.eus\/en\/privacy-policy\/\",\"url\":\"https:\/\/kuna.bbk.eus\/en\/privacy-policy\/\",\"name\":\"Pol\u00edtica de privacidad | BBK Kuna\",\"isPartOf\":{\"@id\":\"https:\/\/kuna.bbk.eus\/en\/#website\"},\"datePublished\":\"2020-07-10T06:51:33+00:00\",\"dateModified\":\"2020-11-11T22:17:38+00:00\",\"description\":\"Conoce toda la informaci\u00f3n relativa a la pol\u00edtica de privacidad de la web de BBK Kuna.\",\"breadcrumb\":{\"@id\":\"https:\/\/kuna.bbk.eus\/en\/privacy-policy\/#breadcrumb\"},\"inLanguage\":\"en-US\",\"potentialAction\":[{\"@type\":\"ReadAction\",\"target\":[\"https:\/\/kuna.bbk.eus\/en\/privacy-policy\/\"]}]},{\"@type\":\"BreadcrumbList\",\"@id\":\"https:\/\/kuna.bbk.eus\/en\/privacy-policy\/#breadcrumb\",\"itemListElement\":[{\"@type\":\"ListItem\",\"position\":1,\"name\":\"Home\",\"item\":\"https:\/\/kuna.bbk.eus\/en\/\"},{\"@type\":\"ListItem\",\"position\":2,\"name\":\"Privacy policy\"}]},{\"@type\":\"WebSite\",\"@id\":\"https:\/\/kuna.bbk.eus\/en\/#website\",\"url\":\"https:\/\/kuna.bbk.eus\/en\/\",\"name\":\"BBK Kuna\",\"description\":\"We want to be a benchmark in the future of Bizkaia, and to achieve this we have an open transformative space able to create positive changes in society.\",\"alternateName\":\"BBK Kuna\",\"potentialAction\":[{\"@type\":\"SearchAction\",\"target\":{\"@type\":\"EntryPoint\",\"urlTemplate\":\"https:\/\/kuna.bbk.eus\/en\/?s={search_term_string}\"},\"query-input\":{\"@type\":\"PropertyValueSpecification\",\"valueRequired\":true,\"valueName\":\"search_term_string\"}}],\"inLanguage\":\"en-US\"}]}<\/script>\n<!-- \/ Yoast SEO plugin. -->","yoast_head_json":{"title":"Pol\u00edtica de privacidad | BBK Kuna","description":"Conoce toda la informaci\u00f3n relativa a la pol\u00edtica de privacidad de la web de BBK Kuna.","robots":{"index":"index","follow":"follow","max-snippet":"max-snippet:-1","max-image-preview":"max-image-preview:large","max-video-preview":"max-video-preview:-1"},"canonical":"https:\/\/kuna.bbk.eus\/en\/privacy-policy\/","og_locale":"en_US","og_type":"article","og_title":"Pol\u00edtica de privacidad | BBK Kuna","og_description":"Conoce toda la informaci\u00f3n relativa a la pol\u00edtica de privacidad de la web de BBK Kuna.","og_url":"https:\/\/kuna.bbk.eus\/en\/privacy-policy\/","og_site_name":"BBK Kuna \/ The social innovation space in Bizkaia","article_modified_time":"2020-11-11T22:17:38+00:00","twitter_card":"summary_large_image","twitter_misc":{"Est. reading time":"4 minutes"},"schema":{"@context":"https:\/\/schema.org","@graph":[{"@type":"WebPage","@id":"https:\/\/kuna.bbk.eus\/en\/privacy-policy\/","url":"https:\/\/kuna.bbk.eus\/en\/privacy-policy\/","name":"Pol\u00edtica de privacidad | BBK Kuna","isPartOf":{"@id":"https:\/\/kuna.bbk.eus\/en\/#website"},"datePublished":"2020-07-10T06:51:33+00:00","dateModified":"2020-11-11T22:17:38+00:00","description":"Conoce toda la informaci\u00f3n relativa a la pol\u00edtica de privacidad de la web de BBK Kuna.","breadcrumb":{"@id":"https:\/\/kuna.bbk.eus\/en\/privacy-policy\/#breadcrumb"},"inLanguage":"en-US","potentialAction":[{"@type":"ReadAction","target":["https:\/\/kuna.bbk.eus\/en\/privacy-policy\/"]}]},{"@type":"BreadcrumbList","@id":"https:\/\/kuna.bbk.eus\/en\/privacy-policy\/#breadcrumb","itemListElement":[{"@type":"ListItem","position":1,"name":"Home","item":"https:\/\/kuna.bbk.eus\/en\/"},{"@type":"ListItem","position":2,"name":"Privacy policy"}]},{"@type":"WebSite","@id":"https:\/\/kuna.bbk.eus\/en\/#website","url":"https:\/\/kuna.bbk.eus\/en\/","name":"BBK Kuna","description":"We want to be a benchmark in the future of Bizkaia, and to achieve this we have an open transformative space able to create positive changes in society.","alternateName":"BBK Kuna","potentialAction":[{"@type":"SearchAction","target":{"@type":"EntryPoint","urlTemplate":"https:\/\/kuna.bbk.eus\/en\/?s={search_term_string}"},"query-input":{"@type":"PropertyValueSpecification","valueRequired":true,"valueName":"search_term_string"}}],"inLanguage":"en-US"}]}},"_links":{"self":[{"href":"https:\/\/kuna.bbk.eus\/en\/wp-json\/wp\/v2\/pages\/665","targetHints":{"allow":["GET"]}}],"collection":[{"href":"https:\/\/kuna.bbk.eus\/en\/wp-json\/wp\/v2\/pages"}],"about":[{"href":"https:\/\/kuna.bbk.eus\/en\/wp-json\/wp\/v2\/types\/page"}],"author":[{"embeddable":true,"href":"https:\/\/kuna.bbk.eus\/en\/wp-json\/wp\/v2\/users\/10"}],"replies":[{"embeddable":true,"href":"https:\/\/kuna.bbk.eus\/en\/wp-json\/wp\/v2\/comments?post=665"}],"version-history":[{"count":0,"href":"https:\/\/kuna.bbk.eus\/en\/wp-json\/wp\/v2\/pages\/665\/revisions"}],"wp:attachment":[{"href":"https:\/\/kuna.bbk.eus\/en\/wp-json\/wp\/v2\/media?parent=665"}],"curies":[{"name":"wp","href":"https:\/\/api.w.org\/{rel}","templated":true}]}}