{"id":1552,"date":"2021-04-27T15:28:03","date_gmt":"2021-04-27T15:28:03","guid":{"rendered":"https:\/\/kuna.bbk.eus\/formacion\/"},"modified":"2023-01-13T12:19:20","modified_gmt":"2023-01-13T11:19:20","slug":"formakuntza","status":"publish","type":"page","link":"https:\/\/kuna.bbk.eus\/eu\/formakuntza\/","title":{"rendered":"Formakuntza"},"content":{"rendered":"\n<p>BBK Kuna apuesta por el futuro, siendo clave para ello la formaci\u00f3n continua y adaptaci\u00f3n al cambio. Para ello se lanzar\u00e1n formaciones innovadoras que permitan adaptarse a los empleos y retos del futuro, as\u00ed como a los ODS.<\/p>\n","protected":false},"excerpt":{"rendered":"<p>BBK Kuna apuesta por el futuro, siendo clave para ello la formaci\u00f3n continua y adaptaci\u00f3n al cambio. Para ello se lanzar\u00e1n formaciones innovadoras que permitan adaptarse a los empleos y [&hellip;]<\/p>\n","protected":false},"author":10,"featured_media":0,"parent":0,"menu_order":0,"comment_status":"closed","ping_status":"closed","template":"template-work-area.php","meta":{"_acf_changed":false,"_tec_requires_first_save":true,"_EventAllDay":false,"_EventTimezone":"","_EventStartDate":"","_EventEndDate":"","_EventStartDateUTC":"","_EventEndDateUTC":"","_EventShowMap":false,"_EventShowMapLink":false,"_EventURL":"","_EventCost":"","_EventCostDescription":"","_EventCurrencySymbol":"","_EventCurrencyCode":"","_EventCurrencyPosition":"","_EventDateTimeSeparator":"","_EventTimeRangeSeparator":"","_EventOrganizerID":[],"_EventVenueID":[],"_OrganizerEmail":"","_OrganizerPhone":"","_OrganizerWebsite":"","_VenueAddress":"","_VenueCity":"","_VenueCountry":"","_VenueProvince":"","_VenueState":"","_VenueZip":"","_VenuePhone":"","_VenueURL":"","_VenueStateProvince":"","_VenueLat":"","_VenueLng":"","_VenueShowMap":false,"_VenueShowMapLink":false,"_tribe_blocks_recurrence_rules":"","_tribe_blocks_recurrence_description":"","_tribe_blocks_recurrence_exclusions":"","footnotes":""},"class_list":["post-1552","page","type-page","status-publish","hentry"],"acf":[],"yoast_head":"<!-- This site is optimized with the Yoast SEO plugin v27.0 - https:\/\/yoast.com\/product\/yoast-seo-wordpress\/ -->\n<title>Formakuntza | BBK Kuna<\/title>\n<meta name=\"description\" content=\"BBK Kunak etorkizunaren alde egiten du, eta horretarako funtsezkoa da etengabeko prestakuntza eta aldaketara egokitzea. Informatu hemen.\" \/>\n<meta name=\"robots\" content=\"index, follow, max-snippet:-1, max-image-preview:large, max-video-preview:-1\" \/>\n<link rel=\"canonical\" href=\"https:\/\/kuna.bbk.eus\/eu\/formakuntza\/\" \/>\n<meta property=\"og:locale\" content=\"eu_ES\" \/>\n<meta property=\"og:type\" content=\"article\" \/>\n<meta property=\"og:title\" content=\"Formakuntza | BBK Kuna\" \/>\n<meta property=\"og:description\" content=\"BBK Kunak etorkizunaren alde egiten du, eta horretarako funtsezkoa da etengabeko prestakuntza eta aldaketara egokitzea. Informatu hemen.\" \/>\n<meta property=\"og:url\" content=\"https:\/\/kuna.bbk.eus\/eu\/formakuntza\/\" \/>\n<meta property=\"og:site_name\" content=\"BBK Kuna | Gizarte Berrikuntzaren gunea Bizkaian\" \/>\n<meta property=\"article:modified_time\" content=\"2023-01-13T11:19:20+00:00\" \/>\n<meta name=\"twitter:card\" content=\"summary_large_image\" \/>\n<script type=\"application\/ld+json\" class=\"yoast-schema-graph\">{\"@context\":\"https:\/\/schema.org\",\"@graph\":[{\"@type\":\"WebPage\",\"@id\":\"https:\/\/kuna.bbk.eus\/eu\/formakuntza\/\",\"url\":\"https:\/\/kuna.bbk.eus\/eu\/formakuntza\/\",\"name\":\"Formakuntza | BBK Kuna\",\"isPartOf\":{\"@id\":\"https:\/\/kuna.bbk.eus\/eu\/#website\"},\"datePublished\":\"2021-04-27T15:28:03+00:00\",\"dateModified\":\"2023-01-13T11:19:20+00:00\",\"description\":\"BBK Kunak etorkizunaren alde egiten du, eta horretarako funtsezkoa da etengabeko prestakuntza eta aldaketara egokitzea. Informatu hemen.\",\"breadcrumb\":{\"@id\":\"https:\/\/kuna.bbk.eus\/eu\/formakuntza\/#breadcrumb\"},\"inLanguage\":\"eu-ES\",\"potentialAction\":[{\"@type\":\"ReadAction\",\"target\":[\"https:\/\/kuna.bbk.eus\/eu\/formakuntza\/\"]}]},{\"@type\":\"BreadcrumbList\",\"@id\":\"https:\/\/kuna.bbk.eus\/eu\/formakuntza\/#breadcrumb\",\"itemListElement\":[{\"@type\":\"ListItem\",\"position\":1,\"name\":\"Home\",\"item\":\"https:\/\/kuna.bbk.eus\/eu\/\"},{\"@type\":\"ListItem\",\"position\":2,\"name\":\"Formakuntza\"}]},{\"@type\":\"WebSite\",\"@id\":\"https:\/\/kuna.bbk.eus\/eu\/#website\",\"url\":\"https:\/\/kuna.bbk.eus\/eu\/\",\"name\":\"BBK Kuna\",\"description\":\"Bizkaiaren etorkizunean erreferente izan gura dugu; horretarako, gizartean aldaketa positiboak sortzeko gai den gune ireki eta eraldatzailea dugu.\",\"alternateName\":\"BBK Kuna\",\"potentialAction\":[{\"@type\":\"SearchAction\",\"target\":{\"@type\":\"EntryPoint\",\"urlTemplate\":\"https:\/\/kuna.bbk.eus\/eu\/?s={search_term_string}\"},\"query-input\":{\"@type\":\"PropertyValueSpecification\",\"valueRequired\":true,\"valueName\":\"search_term_string\"}}],\"inLanguage\":\"eu-ES\"}]}<\/script>\n<!-- \/ Yoast SEO plugin. -->","yoast_head_json":{"title":"Formakuntza | BBK Kuna","description":"BBK Kunak etorkizunaren alde egiten du, eta horretarako funtsezkoa da etengabeko prestakuntza eta aldaketara egokitzea. Informatu hemen.","robots":{"index":"index","follow":"follow","max-snippet":"max-snippet:-1","max-image-preview":"max-image-preview:large","max-video-preview":"max-video-preview:-1"},"canonical":"https:\/\/kuna.bbk.eus\/eu\/formakuntza\/","og_locale":"eu_ES","og_type":"article","og_title":"Formakuntza | BBK Kuna","og_description":"BBK Kunak etorkizunaren alde egiten du, eta horretarako funtsezkoa da etengabeko prestakuntza eta aldaketara egokitzea. Informatu hemen.","og_url":"https:\/\/kuna.bbk.eus\/eu\/formakuntza\/","og_site_name":"BBK Kuna | Gizarte Berrikuntzaren gunea Bizkaian","article_modified_time":"2023-01-13T11:19:20+00:00","twitter_card":"summary_large_image","schema":{"@context":"https:\/\/schema.org","@graph":[{"@type":"WebPage","@id":"https:\/\/kuna.bbk.eus\/eu\/formakuntza\/","url":"https:\/\/kuna.bbk.eus\/eu\/formakuntza\/","name":"Formakuntza | BBK Kuna","isPartOf":{"@id":"https:\/\/kuna.bbk.eus\/eu\/#website"},"datePublished":"2021-04-27T15:28:03+00:00","dateModified":"2023-01-13T11:19:20+00:00","description":"BBK Kunak etorkizunaren alde egiten du, eta horretarako funtsezkoa da etengabeko prestakuntza eta aldaketara egokitzea. Informatu hemen.","breadcrumb":{"@id":"https:\/\/kuna.bbk.eus\/eu\/formakuntza\/#breadcrumb"},"inLanguage":"eu-ES","potentialAction":[{"@type":"ReadAction","target":["https:\/\/kuna.bbk.eus\/eu\/formakuntza\/"]}]},{"@type":"BreadcrumbList","@id":"https:\/\/kuna.bbk.eus\/eu\/formakuntza\/#breadcrumb","itemListElement":[{"@type":"ListItem","position":1,"name":"Home","item":"https:\/\/kuna.bbk.eus\/eu\/"},{"@type":"ListItem","position":2,"name":"Formakuntza"}]},{"@type":"WebSite","@id":"https:\/\/kuna.bbk.eus\/eu\/#website","url":"https:\/\/kuna.bbk.eus\/eu\/","name":"BBK Kuna","description":"Bizkaiaren etorkizunean erreferente izan gura dugu; horretarako, gizartean aldaketa positiboak sortzeko gai den gune ireki eta eraldatzailea dugu.","alternateName":"BBK Kuna","potentialAction":[{"@type":"SearchAction","target":{"@type":"EntryPoint","urlTemplate":"https:\/\/kuna.bbk.eus\/eu\/?s={search_term_string}"},"query-input":{"@type":"PropertyValueSpecification","valueRequired":true,"valueName":"search_term_string"}}],"inLanguage":"eu-ES"}]}},"_links":{"self":[{"href":"https:\/\/kuna.bbk.eus\/eu\/wp-json\/wp\/v2\/pages\/1552","targetHints":{"allow":["GET"]}}],"collection":[{"href":"https:\/\/kuna.bbk.eus\/eu\/wp-json\/wp\/v2\/pages"}],"about":[{"href":"https:\/\/kuna.bbk.eus\/eu\/wp-json\/wp\/v2\/types\/page"}],"author":[{"embeddable":true,"href":"https:\/\/kuna.bbk.eus\/eu\/wp-json\/wp\/v2\/users\/10"}],"replies":[{"embeddable":true,"href":"https:\/\/kuna.bbk.eus\/eu\/wp-json\/wp\/v2\/comments?post=1552"}],"version-history":[{"count":0,"href":"https:\/\/kuna.bbk.eus\/eu\/wp-json\/wp\/v2\/pages\/1552\/revisions"}],"wp:attachment":[{"href":"https:\/\/kuna.bbk.eus\/eu\/wp-json\/wp\/v2\/media?parent=1552"}],"curies":[{"name":"wp","href":"https:\/\/api.w.org\/{rel}","templated":true}]}}